{"id":267,"date":"2024-09-23T18:12:50","date_gmt":"2024-09-23T15:12:50","guid":{"rendered":"https:\/\/www.linasyaotel.com\/?page_id=267"},"modified":"2024-09-23T18:14:37","modified_gmt":"2024-09-23T15:14:37","slug":"surdurulebilirlik-politikasi","status":"publish","type":"page","link":"https:\/\/www.linasyaotel.com\/en\/surdurulebilirlik-politikasi\/","title":{"rendered":"SUSTAINABILITY POLICY"},"content":{"rendered":"<p>[vc_row][vc_column][vc_custom_heading text=&#8221;S\u00fcrd\u00fcr\u00fclebilirlik Raporu \u0130\u00e7in T\u0131klay\u0131n\u0131z.&#8221; link=&#8221;url:https%3A%2F%2Fwww.linasyaotel.com%2FLinAsya-Bozcaada-Surdurulebilirlik-Raporu.pdf|target:_blank&#8221;][\/vc_column][\/vc_row]<\/p>\n","protected":false},"excerpt":{"rendered":"<p>[vc_row][vc_column][vc_custom_heading text=&#8221;S\u00fcrd\u00fcr\u00fclebilirlik Raporu \u0130\u00e7in T\u0131klay\u0131n\u0131z.&#8221; link=&#8221;url:https%3A%2F%2Fwww.linasyaotel.com%2FLinAsya-Bozcaada-Surdurulebilirlik-Raporu.pdf|target:_blank&#8221;][\/vc_column][\/vc_row]<\/p>\n<a href=\"https:\/\/www.linasyaotel.com\/en\/surdurulebilirlik-politikasi\/\" class=\"sohohotel-more-link\">Read More<i class=\"fa fa-angle-right\"><\/i><\/a>","protected":false},"author":1,"featured_media":0,"parent":0,"menu_order":0,"comment_status":"closed","ping_status":"closed","template":"","meta":{"_joinchat":[],"footnotes":""},"class_list":["post-267","page","type-page","status-publish","hentry"],"aioseo_notices":[],"_links":{"self":[{"href":"https:\/\/www.linasyaotel.com\/en\/wp-json\/wp\/v2\/pages\/267","targetHints":{"allow":["GET"]}}],"collection":[{"href":"https:\/\/www.linasyaotel.com\/en\/wp-json\/wp\/v2\/pages"}],"about":[{"href":"https:\/\/www.linasyaotel.com\/en\/wp-json\/wp\/v2\/types\/page"}],"author":[{"embeddable":true,"href":"https:\/\/www.linasyaotel.com\/en\/wp-json\/wp\/v2\/users\/1"}],"replies":[{"embeddable":true,"href":"https:\/\/www.linasyaotel.com\/en\/wp-json\/wp\/v2\/comments?post=267"}],"version-history":[{"count":2,"href":"https:\/\/www.linasyaotel.com\/en\/wp-json\/wp\/v2\/pages\/267\/revisions"}],"predecessor-version":[{"id":269,"href":"https:\/\/www.linasyaotel.com\/en\/wp-json\/wp\/v2\/pages\/267\/revisions\/269"}],"wp:attachment":[{"href":"https:\/\/www.linasyaotel.com\/en\/wp-json\/wp\/v2\/media?parent=267"}],"curies":[{"name":"wp","href":"https:\/\/api.w.org\/{rel}","templated":true}]}}